{"id":238,"date":"2021-03-16T09:30:38","date_gmt":"2021-03-16T09:30:38","guid":{"rendered":"https:\/\/konce.kreuthof.at\/?page_id=238"},"modified":"2021-04-11T12:19:36","modified_gmt":"2021-04-11T12:19:36","slug":"stangensellerie","status":"publish","type":"page","link":"https:\/\/kreuthof.at\/?page_id=238","title":{"rendered":"Stangensellerie"},"content":{"rendered":"\n<h2 class=\"wp-block-heading\">Stangenselleriequiche<\/h2>\n\n\n\n<p>Backrohr auf 200 grad vorheizen<\/p>\n\n\n\n<div class=\"wp-block-group\"><div class=\"wp-block-group__inner-container is-layout-flow wp-block-group-is-layout-flow\">\n<div class=\"wp-block-group\"><div class=\"wp-block-group__inner-container is-layout-flow wp-block-group-is-layout-flow\">\n<div class=\"wp-block-columns is-layout-flex wp-container-core-columns-is-layout-28f84493 wp-block-columns-is-layout-flex\">\n<div class=\"wp-block-column is-layout-flow wp-block-column-is-layout-flow\" style=\"flex-basis:100%\">\n<div class=\"wp-block-group\"><div class=\"wp-block-group__inner-container is-layout-flow wp-block-group-is-layout-flow\">\n<p><strong>M\u00fcrbteig<\/strong>: <\/p>\n\n\n\n<ul class=\"wp-block-list\"><li>250g Mehl; <\/li><li>120g kalte Butter,<\/li><li>Salz, <\/li><li>1 Ei<\/li><\/ul>\n<\/div><\/div>\n<\/div>\n<\/div>\n<\/div><\/div>\n<\/div><\/div>\n\n\n\n<p>Mehl mit Butter in kleinen St\u00fccken und ca. \u00bd Teel\u00f6ffel Salz zu Br\u00f6seln mischen (Mario stellt die Butter in sehr kleinen Flocken\/ St\u00fccken und etwas Wasser einige Zeit ins Gefrierfach). Das Ei und 2-3 Essl\u00f6ffel eiskaltes Wasser dazugeben und alles rasch verkneten. Den M\u00fcrbteig ausrollen und in eine ca. 20 &#8211; 30 cm Durchmesser Springform oder Backform geben; den Boden mit einer Gabel einstechen, mit Folie abdecken und k\u00fchl stellen.<\/p>\n\n\n\n<p><strong>F\u00fclle <\/strong>:<\/p>\n\n\n\n<ul class=\"wp-block-list\"><li>ca. 500 \u2013 600 g Stangensellerie<\/li><li>1 Zwiebel (mittelgro\u00df)<\/li><li>Speck oder Prosciutto crudo ca. 100 g klein schneiden<\/li><li>vegetarische Variante: getrocknete Tomaten klein geschnitten, bzw Gew\u00fcrze die etwas rauchigen Geschmack reinbringen<\/li><li>Butter oder Margarine zum anbraten<\/li><li>ca. 50 ml bzw ein halbes Glas Wei\u00dfwein<\/li><li>Salz, Pfeffer schwarz<\/li><li>1 Becher &#8211; 250 ml Sauerrahm<\/li><li>3 Eier<\/li><li>ca. 70 -100g w\u00fcrzigen K\u00e4se (Bergk\u00e4se, Appenzeller, Gruyere, Ziegenbergk\u00e4se)<\/li><\/ul>\n\n\n\n<p><strong>Zubereitung<\/strong>:<\/p>\n\n\n\n<p>Stangensellerie putzen, sch\u00e4len und in ca. 0,5 bis 1 cm gro\u00dfe St\u00fccke schneiden und auch ca. H\u00e4lfte der Blattmasse klein schneiden und mitverarbeiten. Gehackte Zwiebel und die Prosciuttost\u00fccke bzw Ersatz in einer weiten Pfanne mit der Butter anbraten, Stangensellerie hinzuf\u00fcgen und einige Minuten anbraten \u2013 anschlie\u00dfend mit Wei\u00dfwein abl\u00f6schen und zugedeckt weich garen; mit Pfeffer und Salz nach Geschmack w\u00fcrzen<\/p>\n\n\n\n<p>In einer Sch\u00fcssel den Sauerrahm mit den Eiern verr\u00fchren, den K\u00e4se dazu reiben alles verr\u00fchren und w\u00fcrzen.<\/p>\n\n\n\n<p>Den Stangensellerie aus der Pfanne abtropfen lassen bzw. von der Restfl\u00fcssigkeit befreien und in die Quicheform f\u00fcllen mit dem Sauerrahm\/Eier K\u00e4segemisch \u00fcbergie\u00dfen und bei 180 Grad f\u00fcr ca. 30 \u2013 40 min auf der mittlerer Schiene ins Rohr geben. Falls die Oberfl\u00e4che zu braun wird \u2013 mit Backpapier abdecken.<\/p>\n\n\n\n<p><\/p>\n\n\n\n<h2 class=\"wp-block-heading\"><strong>\u00dcberbackener Stangensellerie<\/strong><\/h2>\n\n\n\n<p><strong>Zutaten<\/strong>:<\/p>\n\n\n\n<ul class=\"wp-block-list\"><li>eine Staude\u00a0<em>Stangensellerie<\/em><\/li><li><em>ca \u00bd l Gem\u00fcsesuppe<\/em><\/li><li><em>1 Becher Sauerrahm<\/em><\/li><li><em>2 Eier<\/em><\/li><li><em>Salz<\/em><\/li><li><em>Pfeffer<\/em><\/li><li><em>ca. 100 &#8211; 150g\u00a0geriebener K\u00e4se (Hartk\u00e4se wie z.b. Bergk\u00e4se)<\/em><\/li><\/ul>\n\n\n\n<p><br>Stangensellerie ( sch\u00e4len) in ca. 5 cm gro\u00dfe St\u00fccke schneiden, und ca. 5 Minuten in der Suppe kochen, abgie\u00dfen bzw. die Suppe f\u00fcr was anderes verwenden und gut abtropfen lassen.<\/p>\n\n\n\n<p>Sellerie in eine Auflaufform f\u00fcllen. Sauerrahm mit Eier, Salz und Pfeffer und einem Teil des geriebenen K\u00e4se vermischen, \u00fcber das Gem\u00fcse gie\u00dfen, mit dem Rest des K\u00e4se bestreuen und bei 180 \u00b0C ca. 30 Minuten \u00fcberbacken<\/p>\n\n\n\n<p>mit einigen gekochten Erd\u00e4pfeln in halbe Scheiben geschnitten und mit dem Stangensellerie in die Auflaufform geschichtet ist es umso ergiebiger und harmoniert geschmacklich bestens<\/p>\n\n\n\n<p><\/p>\n\n\n\n<h2 class=\"wp-block-heading\"><strong>Pasta mit Gem\u00fcse<\/strong><\/h2>\n\n\n\n<p>Stangensellerie harmoniert meines Erachtens mit Paradeisern, Zwiebeln, Knoblauch Lauch, Melanzani, Karotten<\/p>\n\n\n\n<p>sch\u00e4len \u2013 wenn man keine F\u00e4den mag \u2013 die st\u00fccke ca 0,5 bis 1 cm gro\u00df schneiden<\/p>\n\n\n\n<p><\/p>\n\n\n\n<h2 class=\"wp-block-heading\"><strong>Suppe mit Stangensellerie<\/strong><\/h2>\n\n\n\n<p>Stangensellerie teilen ( sch\u00e4len) in St\u00fccke schneiden und kurz in Oliven\u00f6l and\u00fcnsten mit Gem\u00fcsesuppe aufgie\u00dfen <\/p>\n\n\n\n<p>ca. 15 Minuten kochen lassen und anschlie\u00dfend mit Stabmixer p\u00fcrieren <\/p>\n\n\n\n<p>\u2013 je nach Geschmack Chili klein geschnitten ohne Kerne bereits mitkochen <\/p>\n\n\n\n<p>\u2013 je nach Geschmack mit etwas Sauerrahm am Schluss verfeinern<\/p>\n","protected":false},"excerpt":{"rendered":"<p>Stangenselleriequiche Backrohr auf 200 grad vorheizen M\u00fcrbteig: 250g Mehl; 120g kalte Butter, Salz, 1 Ei Mehl mit Butter in kleinen St\u00fccken und ca. \u00bd Teel\u00f6ffel Salz zu Br\u00f6seln mischen (Mario stellt die Butter in sehr kleinen Flocken\/ St\u00fccken und etwas Wasser einige Zeit ins Gefrierfach). Das Ei und 2-3 Essl\u00f6ffel eiskaltes Wasser dazugeben und alles [&hellip;]<\/p>\n","protected":false},"author":1,"featured_media":0,"parent":13,"menu_order":2,"comment_status":"closed","ping_status":"closed","template":"","meta":{"footnotes":""},"class_list":["post-238","page","type-page","status-publish","hentry"],"blocksy_meta":{"styles_descriptor":{"styles":{"desktop":"","tablet":"","mobile":""},"google_fonts":[],"version":6}},"yoast_head":"<!-- This site is optimized with the Yoast SEO plugin v27.4 - https:\/\/yoast.com\/product\/yoast-seo-wordpress\/ -->\n<title>Stangensellerie - Kreuthof<\/title>\n<meta name=\"robots\" content=\"index, follow, max-snippet:-1, max-image-preview:large, max-video-preview:-1\" \/>\n<link rel=\"canonical\" href=\"https:\/\/kreuthof.at\/?page_id=238\" \/>\n<meta property=\"og:locale\" content=\"de_DE\" \/>\n<meta property=\"og:type\" content=\"article\" \/>\n<meta property=\"og:title\" content=\"Stangensellerie - Kreuthof\" \/>\n<meta property=\"og:description\" content=\"Stangenselleriequiche Backrohr auf 200 grad vorheizen M\u00fcrbteig: 250g Mehl; 120g kalte Butter, Salz, 1 Ei Mehl mit Butter in kleinen St\u00fccken und ca. \u00bd Teel\u00f6ffel Salz zu Br\u00f6seln mischen (Mario stellt die Butter in sehr kleinen Flocken\/ St\u00fccken und etwas Wasser einige Zeit ins Gefrierfach). Das Ei und 2-3 Essl\u00f6ffel eiskaltes Wasser dazugeben und alles [&hellip;]\" \/>\n<meta property=\"og:url\" content=\"https:\/\/kreuthof.at\/?page_id=238\" \/>\n<meta property=\"og:site_name\" content=\"Kreuthof\" \/>\n<meta property=\"article:modified_time\" content=\"2021-04-11T12:19:36+00:00\" \/>\n<meta name=\"twitter:card\" content=\"summary_large_image\" \/>\n<meta name=\"twitter:label1\" content=\"Gesch\u00e4tzte Lesezeit\" \/>\n\t<meta name=\"twitter:data1\" content=\"2 Minuten\" \/>\n<script type=\"application\/ld+json\" class=\"yoast-schema-graph\">{\"@context\":\"https:\\\/\\\/schema.org\",\"@graph\":[{\"@type\":\"WebPage\",\"@id\":\"https:\\\/\\\/kreuthof.at\\\/?page_id=238\",\"url\":\"https:\\\/\\\/kreuthof.at\\\/?page_id=238\",\"name\":\"Stangensellerie - Kreuthof\",\"isPartOf\":{\"@id\":\"https:\\\/\\\/kreuthof.at\\\/#website\"},\"datePublished\":\"2021-03-16T09:30:38+00:00\",\"dateModified\":\"2021-04-11T12:19:36+00:00\",\"breadcrumb\":{\"@id\":\"https:\\\/\\\/kreuthof.at\\\/?page_id=238#breadcrumb\"},\"inLanguage\":\"de-AT\",\"potentialAction\":[{\"@type\":\"ReadAction\",\"target\":[\"https:\\\/\\\/kreuthof.at\\\/?page_id=238\"]}]},{\"@type\":\"BreadcrumbList\",\"@id\":\"https:\\\/\\\/kreuthof.at\\\/?page_id=238#breadcrumb\",\"itemListElement\":[{\"@type\":\"ListItem\",\"position\":1,\"name\":\"Home\",\"item\":\"https:\\\/\\\/kreuthof.at\\\/\"},{\"@type\":\"ListItem\",\"position\":2,\"name\":\"Zubereitungsvorschl\u00e4ge\",\"item\":\"https:\\\/\\\/kreuthof.at\\\/?page_id=13\"},{\"@type\":\"ListItem\",\"position\":3,\"name\":\"Stangensellerie\"}]},{\"@type\":\"WebSite\",\"@id\":\"https:\\\/\\\/kreuthof.at\\\/#website\",\"url\":\"https:\\\/\\\/kreuthof.at\\\/\",\"name\":\"Kreuthof\",\"description\":\"Vielfalt verwurzelt\",\"publisher\":{\"@id\":\"https:\\\/\\\/kreuthof.at\\\/#organization\"},\"potentialAction\":[{\"@type\":\"SearchAction\",\"target\":{\"@type\":\"EntryPoint\",\"urlTemplate\":\"https:\\\/\\\/kreuthof.at\\\/?s={search_term_string}\"},\"query-input\":{\"@type\":\"PropertyValueSpecification\",\"valueRequired\":true,\"valueName\":\"search_term_string\"}}],\"inLanguage\":\"de-AT\"},{\"@type\":\"Organization\",\"@id\":\"https:\\\/\\\/kreuthof.at\\\/#organization\",\"name\":\"kreuthof\",\"url\":\"https:\\\/\\\/kreuthof.at\\\/\",\"logo\":{\"@type\":\"ImageObject\",\"inLanguage\":\"de-AT\",\"@id\":\"https:\\\/\\\/kreuthof.at\\\/#\\\/schema\\\/logo\\\/image\\\/\",\"url\":\"https:\\\/\\\/kreuthof.at\\\/wp-content\\\/uploads\\\/2021\\\/01\\\/cropped-kreuthof_logo_entwurf_ML-01.jpg\",\"contentUrl\":\"https:\\\/\\\/kreuthof.at\\\/wp-content\\\/uploads\\\/2021\\\/01\\\/cropped-kreuthof_logo_entwurf_ML-01.jpg\",\"width\":737,\"height\":250,\"caption\":\"kreuthof\"},\"image\":{\"@id\":\"https:\\\/\\\/kreuthof.at\\\/#\\\/schema\\\/logo\\\/image\\\/\"}}]}<\/script>\n<!-- \/ Yoast SEO plugin. -->","yoast_head_json":{"title":"Stangensellerie - Kreuthof","robots":{"index":"index","follow":"follow","max-snippet":"max-snippet:-1","max-image-preview":"max-image-preview:large","max-video-preview":"max-video-preview:-1"},"canonical":"https:\/\/kreuthof.at\/?page_id=238","og_locale":"de_DE","og_type":"article","og_title":"Stangensellerie - Kreuthof","og_description":"Stangenselleriequiche Backrohr auf 200 grad vorheizen M\u00fcrbteig: 250g Mehl; 120g kalte Butter, Salz, 1 Ei Mehl mit Butter in kleinen St\u00fccken und ca. \u00bd Teel\u00f6ffel Salz zu Br\u00f6seln mischen (Mario stellt die Butter in sehr kleinen Flocken\/ St\u00fccken und etwas Wasser einige Zeit ins Gefrierfach). Das Ei und 2-3 Essl\u00f6ffel eiskaltes Wasser dazugeben und alles [&hellip;]","og_url":"https:\/\/kreuthof.at\/?page_id=238","og_site_name":"Kreuthof","article_modified_time":"2021-04-11T12:19:36+00:00","twitter_card":"summary_large_image","twitter_misc":{"Gesch\u00e4tzte Lesezeit":"2 Minuten"},"schema":{"@context":"https:\/\/schema.org","@graph":[{"@type":"WebPage","@id":"https:\/\/kreuthof.at\/?page_id=238","url":"https:\/\/kreuthof.at\/?page_id=238","name":"Stangensellerie - Kreuthof","isPartOf":{"@id":"https:\/\/kreuthof.at\/#website"},"datePublished":"2021-03-16T09:30:38+00:00","dateModified":"2021-04-11T12:19:36+00:00","breadcrumb":{"@id":"https:\/\/kreuthof.at\/?page_id=238#breadcrumb"},"inLanguage":"de-AT","potentialAction":[{"@type":"ReadAction","target":["https:\/\/kreuthof.at\/?page_id=238"]}]},{"@type":"BreadcrumbList","@id":"https:\/\/kreuthof.at\/?page_id=238#breadcrumb","itemListElement":[{"@type":"ListItem","position":1,"name":"Home","item":"https:\/\/kreuthof.at\/"},{"@type":"ListItem","position":2,"name":"Zubereitungsvorschl\u00e4ge","item":"https:\/\/kreuthof.at\/?page_id=13"},{"@type":"ListItem","position":3,"name":"Stangensellerie"}]},{"@type":"WebSite","@id":"https:\/\/kreuthof.at\/#website","url":"https:\/\/kreuthof.at\/","name":"Kreuthof","description":"Vielfalt verwurzelt","publisher":{"@id":"https:\/\/kreuthof.at\/#organization"},"potentialAction":[{"@type":"SearchAction","target":{"@type":"EntryPoint","urlTemplate":"https:\/\/kreuthof.at\/?s={search_term_string}"},"query-input":{"@type":"PropertyValueSpecification","valueRequired":true,"valueName":"search_term_string"}}],"inLanguage":"de-AT"},{"@type":"Organization","@id":"https:\/\/kreuthof.at\/#organization","name":"kreuthof","url":"https:\/\/kreuthof.at\/","logo":{"@type":"ImageObject","inLanguage":"de-AT","@id":"https:\/\/kreuthof.at\/#\/schema\/logo\/image\/","url":"https:\/\/kreuthof.at\/wp-content\/uploads\/2021\/01\/cropped-kreuthof_logo_entwurf_ML-01.jpg","contentUrl":"https:\/\/kreuthof.at\/wp-content\/uploads\/2021\/01\/cropped-kreuthof_logo_entwurf_ML-01.jpg","width":737,"height":250,"caption":"kreuthof"},"image":{"@id":"https:\/\/kreuthof.at\/#\/schema\/logo\/image\/"}}]}},"_links":{"self":[{"href":"https:\/\/kreuthof.at\/index.php?rest_route=\/wp\/v2\/pages\/238","targetHints":{"allow":["GET"]}}],"collection":[{"href":"https:\/\/kreuthof.at\/index.php?rest_route=\/wp\/v2\/pages"}],"about":[{"href":"https:\/\/kreuthof.at\/index.php?rest_route=\/wp\/v2\/types\/page"}],"author":[{"embeddable":true,"href":"https:\/\/kreuthof.at\/index.php?rest_route=\/wp\/v2\/users\/1"}],"replies":[{"embeddable":true,"href":"https:\/\/kreuthof.at\/index.php?rest_route=%2Fwp%2Fv2%2Fcomments&post=238"}],"version-history":[{"count":2,"href":"https:\/\/kreuthof.at\/index.php?rest_route=\/wp\/v2\/pages\/238\/revisions"}],"predecessor-version":[{"id":358,"href":"https:\/\/kreuthof.at\/index.php?rest_route=\/wp\/v2\/pages\/238\/revisions\/358"}],"up":[{"embeddable":true,"href":"https:\/\/kreuthof.at\/index.php?rest_route=\/wp\/v2\/pages\/13"}],"wp:attachment":[{"href":"https:\/\/kreuthof.at\/index.php?rest_route=%2Fwp%2Fv2%2Fmedia&parent=238"}],"curies":[{"name":"wp","href":"https:\/\/api.w.org\/{rel}","templated":true}]}}